{"id":1479,"date":"2021-03-16T10:04:13","date_gmt":"2021-03-16T09:04:13","guid":{"rendered":"https:\/\/www.rifugiocreteseche.eu\/staff\/"},"modified":"2024-01-26T13:44:04","modified_gmt":"2024-01-26T12:44:04","slug":"staff","status":"publish","type":"page","link":"https:\/\/www.rifugiocreteseche.eu\/fr\/staff\/","title":{"rendered":"Staff"},"content":{"rendered":"<p>[et_pb_section fb_built=&#8221;1&#8243; custom_padding_last_edited=&#8221;on|phone&#8221; _builder_version=&#8221;4.16&#8243; use_background_color_gradient=&#8221;on&#8221; background_color_gradient_stops=&#8221;#ffffff 0%|rgba(41,196,169,0) 100%&#8221; background_color_gradient_overlays_image=&#8221;on&#8221; background_color_gradient_start=&#8221;#ffffff&#8221; background_color_gradient_end=&#8221;rgba(41,196,169,0)&#8221; background_image=&#8221;https:\/\/www.rifugiocreteseche.eu\/wp-content\/uploads\/2020\/04\/rifugio-crete-seche-valle.jpg&#8221; background_position=&#8221;bottom_center&#8221; module_alignment=&#8221;center&#8221; custom_padding=&#8221;100px||120px||false|false&#8221; custom_padding_tablet=&#8221;&#8221; custom_padding_phone=&#8221;||60px||false|false&#8221; global_colors_info=&#8221;{}&#8221;][\/et_pb_section][et_pb_section fb_built=&#8221;1&#8243; custom_padding_last_edited=&#8221;on|phone&#8221; _builder_version=&#8221;4.16&#8243; transform_scale_tablet=&#8221;&#8221; transform_scale_phone=&#8221;&#8221; transform_scale_last_edited=&#8221;on|desktop&#8221; transform_translate_tablet=&#8221;&#8221; transform_translate_phone=&#8221;&#8221; transform_translate_last_edited=&#8221;on|phone&#8221; transform_translate_linked=&#8221;off&#8221; transform_rotate_tablet=&#8221;&#8221; transform_rotate_phone=&#8221;&#8221; transform_rotate_last_edited=&#8221;on|desktop&#8221; transform_skew_tablet=&#8221;&#8221; transform_skew_phone=&#8221;&#8221; transform_skew_last_edited=&#8221;on|desktop&#8221; transform_origin_tablet=&#8221;&#8221; transform_origin_phone=&#8221;&#8221; transform_origin_last_edited=&#8221;on|desktop&#8221; transform_styles_last_edited=&#8221;on|phone&#8221; custom_margin=&#8221;||||false|false&#8221; custom_padding=&#8221;50px||100px||false|false&#8221; custom_padding_tablet=&#8221;20px||||false|false&#8221; custom_padding_phone=&#8221;0px||||false|false&#8221; bottom_divider_color=&#8221;#3d594b&#8221; transform_styles_tablet=&#8221;&#8221; transform_styles_phone=&#8221;&#8221; global_colors_info=&#8221;{}&#8221;][et_pb_row use_custom_gutter=&#8221;on&#8221; gutter_width=&#8221;1&#8243; make_equal=&#8221;on&#8221; _builder_version=&#8221;4.16&#8243; custom_margin=&#8221;||||false|false&#8221; custom_padding=&#8221;0px||0px||true|&#8221; global_colors_info=&#8221;{}&#8221;][et_pb_column type=&#8221;4_4&#8243; _builder_version=&#8221;4.16&#8243; global_colors_info=&#8221;{}&#8221;][et_pb_text admin_label=&#8221;Staff&#8221; _builder_version=&#8221;4.16&#8243; header_font=&#8221;Neucha||||||||&#8221; header_text_color=&#8221;#6c89b2&#8243; header_line_height=&#8221;75px&#8221; custom_margin=&#8221;||||false|false&#8221; header_line_height_tablet=&#8221;65px&#8221; header_line_height_phone=&#8221;&#8221; header_line_height_last_edited=&#8221;on|phone&#8221; global_colors_info=&#8221;{}&#8221;]<\/p>\n<h1 style=\"text-align: center;\">The staff<\/h1>\n<p>[\/et_pb_text][\/et_pb_column][\/et_pb_row][\/et_pb_section][et_pb_section fb_built=&#8221;1&#8243; _builder_version=&#8221;4.16&#8243; background_enable_color=&#8221;off&#8221; transform_scale_linked=&#8221;off&#8221; transform_translate_linked=&#8221;off&#8221; custom_margin=&#8221;||||false|false&#8221; custom_padding=&#8221;0px||0px||false|false&#8221; bottom_divider_color=&#8221;#ffffff&#8221; bottom_divider_style_last_edited=&#8221;off|desktop&#8221; global_colors_info=&#8221;{}&#8221;][et_pb_row column_structure=&#8221;1_2,1_2&#8243; use_custom_gutter=&#8221;on&#8221; gutter_width=&#8221;1&#8243; make_equal=&#8221;on&#8221; _builder_version=&#8221;4.16&#8243; width=&#8221;100%&#8221; max_width=&#8221;2560px&#8221; custom_margin=&#8221;0px|auto||auto|false|false&#8221; custom_padding=&#8221;0px||0px||false|false&#8221; global_colors_info=&#8221;{}&#8221;][et_pb_column type=&#8221;1_2&#8243; _builder_version=&#8221;4.16&#8243; background_image=&#8221;https:\/\/www.rifugiocreteseche.eu\/wp-content\/uploads\/2021\/06\/staff-crete-seche.jpg&#8221; parallax=&#8221;on&#8221; custom_padding=&#8221;100px||100px||true|false&#8221; global_colors_info=&#8221;{}&#8221;]<\/p>\n<p>[et_pb_divider show_divider=&#8221;off&#8221; admin_label=&#8221;IMM da cambiare su COLONNA 1 SFONDO VERDE&#8221; _builder_version=&#8221;4.16&#8243; locked=&#8221;on&#8221; global_colors_info=&#8221;{}&#8221;][\/et_pb_divider]<\/p>\n<p>[\/et_pb_column][et_pb_column type=&#8221;1_2&#8243; _builder_version=&#8221;4.16&#8243; background_color=&#8221;#3D594B&#8221; transform_translate_linked=&#8221;off&#8221; transform_skew_linked=&#8221;off&#8221; custom_padding=&#8221;100px|75px|140px|75px|false|true&#8221; custom_padding_tablet=&#8221;&#8221; custom_padding_phone=&#8221;75px|35px|75px|35px|true|true&#8221; custom_padding_last_edited=&#8221;on|phone&#8221; global_colors_info=&#8221;{}&#8221;][et_pb_text admin_label=&#8221;Per la vostra accoglienza&#8221; _builder_version=&#8221;4.16&#8243; header_2_text_color=&#8221;#ffffff&#8221; global_colors_info=&#8221;{}&#8221;]<\/p>\n<h2>Pour votre<br \/><strong>accueil<br \/><\/strong><\/h2>\n<p>[\/et_pb_text][et_pb_text admin_label=&#8221;Famiglia Barailler&#8221; _builder_version=&#8221;4.16&#8243; header_3_text_color=&#8221;#ffffff&#8221; max_width=&#8221;600px&#8221; module_alignment=&#8221;left&#8221; global_colors_info=&#8221;{}&#8221;]<\/p>\n<h3 style=\"text-align: left;\">famille Barailler<\/h3>\n<p>[\/et_pb_text][et_pb_text _builder_version=&#8221;4.16&#8243; text_text_color=&#8221;#ffffff&#8221; background_enable_color=&#8221;off&#8221; max_width=&#8221;500px&#8221; module_alignment=&#8221;left&#8221; custom_margin=&#8221;35px||35px||true|false&#8221; custom_padding=&#8221;||||true|true&#8221; global_colors_info=&#8221;{}&#8221;]<\/p>\n<p>En plus de toujours trouver un membre de la nombreuse famille Barailler pour vous accueillir, vous rencontrerez une \u00e9quipe jeune et dynamique.<\/p>\n<p>[\/et_pb_text][et_pb_toggle title=&#8221;Famille&#8221; open_toggle_text_color=&#8221;#FFFFFF&#8221; open_toggle_background_color=&#8221;RGBA(0,0,0,0)&#8221; closed_toggle_background_color=&#8221;RGBA(0,0,0,0)&#8221; admin_label=&#8221;FAMILY&#8221; _builder_version=&#8221;4.16&#8243; _module_preset=&#8221;default&#8221; title_text_color=&#8221;#FFFFFF&#8221; title_level=&#8221;h4&#8243; body_text_color=&#8221;#FFFFFF&#8221; global_colors_info=&#8221;{}&#8221;]<\/p>\n<p>Originaires de Bionaz, o\u00f9 nous vivons et travaillons depuis toujours dans le domaine du tourisme. Maman Claudia et papa Alberto savent transmettre \u00e0 leurs invit\u00e9s leur connaissance et leur passion pour nos montagnes et notre territoire. En plus de g\u00e9rer les Appartements Luseney, ils sont omnipr\u00e9sents : papa est toujours au bon endroit au bon moment et maman Claudia, qui a d\u00e9j\u00e0 pass\u00e9 son enfance au refuge, apporte toujours sa contribution en coulisses et au-del\u00e0. Elle est le deuxi\u00e8me chef du refuge : apr\u00e8s tout, c&#8217;est toujours sa premi\u00e8re maison !<\/p>\n<p>[\/et_pb_toggle][\/et_pb_column][\/et_pb_row][\/et_pb_section][et_pb_section fb_built=&#8221;1&#8243; custom_padding_last_edited=&#8221;on|tablet&#8221; _builder_version=&#8221;4.16&#8243; _module_preset=&#8221;default&#8221; custom_padding=&#8221;100px||100px||true|&#8221; custom_padding_tablet=&#8221;50px||50px||true|false&#8221; custom_padding_phone=&#8221;&#8221; global_colors_info=&#8221;{}&#8221;][et_pb_row column_structure=&#8221;1_2,1_2&#8243; make_equal=&#8221;on&#8221; _builder_version=&#8221;4.16&#8243; _module_preset=&#8221;default&#8221; module_alignment=&#8221;center&#8221; custom_margin=&#8221;|auto|80px|auto|false|false&#8221; custom_padding=&#8221;0px||0px||true|&#8221; global_colors_info=&#8221;{}&#8221;][et_pb_column type=&#8221;1_2&#8243; _builder_version=&#8221;4.16&#8243; _module_preset=&#8221;default&#8221; background_image=&#8221;https:\/\/www.rifugiocreteseche.eu\/wp-content\/uploads\/2020\/05\/crete-seche-bionaz-1.jpg&#8221; custom_padding=&#8221;100px||100px||true|false&#8221; global_colors_info=&#8221;{}&#8221;][et_pb_divider show_divider=&#8221;off&#8221; _builder_version=&#8221;4.16&#8243; _module_preset=&#8221;default&#8221; global_colors_info=&#8221;{}&#8221;][\/et_pb_divider][\/et_pb_column][et_pb_column type=&#8221;1_2&#8243; _builder_version=&#8221;4.16&#8243; _module_preset=&#8221;default&#8221; global_colors_info=&#8221;{}&#8221;][et_pb_blurb title=&#8221;Sophie&#8221; image_icon_width=&#8221;60px&#8221; icon_alignment=&#8221;left&#8221; admin_label=&#8221;SOPHIE&#8221; _builder_version=&#8221;4.16&#8243; header_level=&#8221;h3&#8243; header_text_align=&#8221;left&#8221; body_text_align=&#8221;left&#8221; text_orientation=&#8221;right&#8221; custom_margin=&#8221;||||false|false&#8221; image_max_width=&#8221;60px&#8221; global_colors_info=&#8221;{}&#8221;]<\/p>\n<p>La deuxi\u00e8me fille, la v\u00e9ritable responsable du Refuge : elle a d\u00e9cid\u00e9 de se lancer et de prendre en charge ce qui \u00e9tait d\u00e9j\u00e0 le &#8220;refuge familial&#8221;. Avec son esprit sociable et son rire contagieux, elle rend l&#8217;atmosph\u00e8re au refuge conviviale, et sa disponibilit\u00e9 et sa bienveillance envers les invit\u00e9s en font une gestionnaire tr\u00e8s attentive aux besoins des clients.<\/p>\n<p>[\/et_pb_blurb][et_pb_blurb title=&#8221;DAISY, martina e kristel&#8221; image_icon_width=&#8221;60px&#8221; icon_alignment=&#8221;left&#8221; admin_label=&#8221;DAISY&#8221; _builder_version=&#8221;4.20.0&#8243; header_level=&#8221;h3&#8243; header_text_align=&#8221;left&#8221; body_text_align=&#8221;left&#8221; custom_margin=&#8221;||||false|false&#8221; hover_enabled=&#8221;0&#8243; image_max_width=&#8221;60px&#8221; global_colors_info=&#8221;{}&#8221; sticky_enabled=&#8221;0&#8243;]<\/p>\n<p>L&#8217;a\u00een\u00e9e, g\u00e8re la Chambres d\u2019Hotes La Maison d\u2019Antan et, d\u00e8s qu&#8217;elle le peut, s&#8217;\u00e9chappe au refuge. Martina, entre un examen et l&#8217;autre, aide ses s\u0153urs autant qu&#8217;elle le peut, et Kristel, la plus jeune de la famille, n&#8217;aime \u00eatre nulle part ailleurs que justement au refuge.<\/p>\n<p>[\/et_pb_blurb][\/et_pb_column][\/et_pb_row][et_pb_row column_structure=&#8221;1_3,1_3,1_3&#8243; _builder_version=&#8221;4.16&#8243; _module_preset=&#8221;default&#8221; custom_margin=&#8221;||||false|false&#8221; custom_padding=&#8221;0px||0px||true|&#8221; global_colors_info=&#8221;{}&#8221;][et_pb_column type=&#8221;1_3&#8243; _builder_version=&#8221;4.16&#8243; _module_preset=&#8221;default&#8221; global_colors_info=&#8221;{}&#8221;][et_pb_blurb title=&#8221;RAYAN&#8221; image_icon_width=&#8221;60px&#8221; icon_alignment=&#8221;left&#8221; admin_label=&#8221;RAYAN&#8221; _builder_version=&#8221;4.16&#8243; header_level=&#8221;h3&#8243; header_text_align=&#8221;left&#8221; body_text_align=&#8221;left&#8221; text_orientation=&#8221;center&#8221; custom_margin=&#8221;||||false|false&#8221; image_max_width=&#8221;60px&#8221; global_colors_info=&#8221;{}&#8221;]<\/p>\n<p>Entr\u00e9 dans notre \u00e9quipe un peu par hasard, avec ses boucles blondes et sa spontan\u00e9it\u00e9, il a imm\u00e9diatement apport\u00e9 de la joie et de l&#8217;insouciance \u00e0 tout le refuge ! Avec son envie de &#8220;bricoler&#8221;, c&#8217;est notre homme \u00e0 tout faire, passionn\u00e9 d&#8217;escalade et de sport en g\u00e9n\u00e9ral, il saura vous donner de bons conseils sur les voies qui nous entourent.<\/p>\n<p>[\/et_pb_blurb][\/et_pb_column][et_pb_column type=&#8221;1_3&#8243; _builder_version=&#8221;4.16&#8243; _module_preset=&#8221;default&#8221; global_colors_info=&#8221;{}&#8221;][et_pb_blurb title=&#8221;CHRISTOPHE&#8221; image_icon_width=&#8221;60px&#8221; icon_alignment=&#8221;left&#8221; admin_label=&#8221;CHEF&#8221; _builder_version=&#8221;4.16&#8243; header_level=&#8221;h3&#8243; header_text_align=&#8221;left&#8221; body_text_align=&#8221;left&#8221; custom_margin=&#8221;||||false|false&#8221; image_max_width=&#8221;60px&#8221; global_colors_info=&#8221;{}&#8221; locked=&#8221;off&#8221;]<\/p>\n<p>Pour compl\u00e9ter notre \u00e9quipe, il ne pouvait pas ne pas y avoir un aspirant guide de haute montagne, Christophe, g\u00e9n\u00e9reux et perfectionniste, s&#8217;efforce de donner des conseils sur les diff\u00e9rentes randonn\u00e9es, les voies d&#8217;escalade, l&#8217;alpinisme et le ski-alpinisme \u00e0 nos invit\u00e9s, et de les accompagner dans leurs aventures en montagne.<\/p>\n<p>[\/et_pb_blurb][\/et_pb_column][et_pb_column type=&#8221;1_3&#8243; _builder_version=&#8221;4.16&#8243; _module_preset=&#8221;default&#8221; global_colors_info=&#8221;{}&#8221;][\/et_pb_column][\/et_pb_row][et_pb_row use_custom_gutter=&#8221;on&#8221; gutter_width=&#8221;1&#8243; _builder_version=&#8221;4.16&#8243; _module_preset=&#8221;default&#8221; custom_margin=&#8221;80px|auto||auto|false|false&#8221; custom_padding=&#8221;50px||0px|||&#8221; border_width_top=&#8221;1px&#8221; locked=&#8221;off&#8221; global_colors_info=&#8221;{}&#8221;][et_pb_column type=&#8221;4_4&#8243; _builder_version=&#8221;4.16&#8243; _module_preset=&#8221;default&#8221; global_colors_info=&#8221;{}&#8221;][et_pb_gallery gallery_ids=&#8221;1305,1327,1303,1337,1309,1307,1339,1321&#8243; posts_number=&#8221;8&#8243; dbdb_version=&#8221;4.0.1&#8243; show_title_and_caption=&#8221;off&#8221; show_pagination=&#8221;off&#8221; hover_overlay_color=&#8221;rgba(255,255,255,0.66)&#8221; _builder_version=&#8221;4.16&#8243; border_width_all_image=&#8221;2px&#8221; border_color_all_image=&#8221;#ffffff&#8221; locked=&#8221;off&#8221; global_colors_info=&#8221;{}&#8221;][\/et_pb_gallery][\/et_pb_column][\/et_pb_row][\/et_pb_section]<\/p>\n","protected":false},"excerpt":{"rendered":"<p>The staffPour votreaccueilfamille BaraillerEn plus de toujours trouver un membre de la nombreuse famille Barailler pour vous accueillir, vous rencontrerez une \u00e9quipe jeune et dynamique.Originaires de Bionaz, o\u00f9 nous vivons et travaillons depuis toujours dans le domaine du tourisme. Maman Claudia et papa Alberto savent transmettre \u00e0 leurs invit\u00e9s leur connaissance et leur passion pour [&hellip;]<\/p>\n","protected":false},"author":1,"featured_media":0,"parent":0,"menu_order":0,"comment_status":"closed","ping_status":"closed","template":"","meta":{"_et_pb_use_builder":"on","_et_pb_old_content":"","_et_gb_content_width":"","footnotes":""},"class_list":["post-1479","page","type-page","status-publish","hentry"],"yoast_head":"<!-- This site is optimized with the Yoast SEO plugin v26.1 - https:\/\/yoast.com\/wordpress\/plugins\/seo\/ -->\n<title>Staff of mountain hut Cr\u00eate S\u00e8che<\/title>\n<meta name=\"description\" content=\"Ad accogliervi, oltre ad esserci sempre qualche membro della numerosa famiglia Barailler, troverete uno staff giovane e dinamico.\" \/>\n<meta name=\"robots\" content=\"index, follow, max-snippet:-1, max-image-preview:large, max-video-preview:-1\" \/>\n<link rel=\"canonical\" href=\"https:\/\/www.rifugiocreteseche.eu\/fr\/staff\/\" \/>\n<meta property=\"og:locale\" content=\"fr_FR\" \/>\n<meta property=\"og:type\" content=\"article\" \/>\n<meta property=\"og:title\" content=\"Staff of mountain hut Cr\u00eate S\u00e8che\" \/>\n<meta property=\"og:description\" content=\"Ad accogliervi, oltre ad esserci sempre qualche membro della numerosa famiglia Barailler, troverete uno staff giovane e dinamico.\" \/>\n<meta property=\"og:url\" content=\"https:\/\/www.rifugiocreteseche.eu\/fr\/staff\/\" \/>\n<meta property=\"og:site_name\" content=\"Rifugio Cr\u00eate S\u00e8che\" \/>\n<meta property=\"article:modified_time\" content=\"2024-01-26T12:44:04+00:00\" \/>\n<meta name=\"twitter:card\" content=\"summary_large_image\" \/>\n<meta name=\"twitter:label1\" content=\"Dur\u00e9e de lecture estim\u00e9e\" \/>\n\t<meta name=\"twitter:data1\" content=\"7 minutes\" \/>\n<script type=\"application\/ld+json\" class=\"yoast-schema-graph\">{\"@context\":\"https:\/\/schema.org\",\"@graph\":[{\"@type\":\"WebPage\",\"@id\":\"https:\/\/www.rifugiocreteseche.eu\/fr\/staff\/\",\"url\":\"https:\/\/www.rifugiocreteseche.eu\/fr\/staff\/\",\"name\":\"Staff of mountain hut Cr\u00eate S\u00e8che\",\"isPartOf\":{\"@id\":\"https:\/\/www.rifugiocreteseche.eu\/fr\/#website\"},\"datePublished\":\"2021-03-16T09:04:13+00:00\",\"dateModified\":\"2024-01-26T12:44:04+00:00\",\"description\":\"Ad accogliervi, oltre ad esserci sempre qualche membro della numerosa famiglia Barailler, troverete uno staff giovane e dinamico.\",\"breadcrumb\":{\"@id\":\"https:\/\/www.rifugiocreteseche.eu\/fr\/staff\/#breadcrumb\"},\"inLanguage\":\"fr-FR\",\"potentialAction\":[{\"@type\":\"ReadAction\",\"target\":[\"https:\/\/www.rifugiocreteseche.eu\/fr\/staff\/\"]}]},{\"@type\":\"BreadcrumbList\",\"@id\":\"https:\/\/www.rifugiocreteseche.eu\/fr\/staff\/#breadcrumb\",\"itemListElement\":[{\"@type\":\"ListItem\",\"position\":1,\"name\":\"Home\",\"item\":\"https:\/\/www.rifugiocreteseche.eu\/fr\/\"},{\"@type\":\"ListItem\",\"position\":2,\"name\":\"Staff\"}]},{\"@type\":\"WebSite\",\"@id\":\"https:\/\/www.rifugiocreteseche.eu\/fr\/#website\",\"url\":\"https:\/\/www.rifugiocreteseche.eu\/fr\/\",\"name\":\"Rifugio Cr\u00eate S\u00e8che\",\"description\":\"2400 metri - Bionaz\",\"potentialAction\":[{\"@type\":\"SearchAction\",\"target\":{\"@type\":\"EntryPoint\",\"urlTemplate\":\"https:\/\/www.rifugiocreteseche.eu\/fr\/?s={search_term_string}\"},\"query-input\":{\"@type\":\"PropertyValueSpecification\",\"valueRequired\":true,\"valueName\":\"search_term_string\"}}],\"inLanguage\":\"fr-FR\"}]}<\/script>\n<!-- \/ Yoast SEO plugin. -->","yoast_head_json":{"title":"Staff of mountain hut Cr\u00eate S\u00e8che","description":"Ad accogliervi, oltre ad esserci sempre qualche membro della numerosa famiglia Barailler, troverete uno staff giovane e dinamico.","robots":{"index":"index","follow":"follow","max-snippet":"max-snippet:-1","max-image-preview":"max-image-preview:large","max-video-preview":"max-video-preview:-1"},"canonical":"https:\/\/www.rifugiocreteseche.eu\/fr\/staff\/","og_locale":"fr_FR","og_type":"article","og_title":"Staff of mountain hut Cr\u00eate S\u00e8che","og_description":"Ad accogliervi, oltre ad esserci sempre qualche membro della numerosa famiglia Barailler, troverete uno staff giovane e dinamico.","og_url":"https:\/\/www.rifugiocreteseche.eu\/fr\/staff\/","og_site_name":"Rifugio Cr\u00eate S\u00e8che","article_modified_time":"2024-01-26T12:44:04+00:00","twitter_card":"summary_large_image","twitter_misc":{"Dur\u00e9e de lecture estim\u00e9e":"7 minutes"},"schema":{"@context":"https:\/\/schema.org","@graph":[{"@type":"WebPage","@id":"https:\/\/www.rifugiocreteseche.eu\/fr\/staff\/","url":"https:\/\/www.rifugiocreteseche.eu\/fr\/staff\/","name":"Staff of mountain hut Cr\u00eate S\u00e8che","isPartOf":{"@id":"https:\/\/www.rifugiocreteseche.eu\/fr\/#website"},"datePublished":"2021-03-16T09:04:13+00:00","dateModified":"2024-01-26T12:44:04+00:00","description":"Ad accogliervi, oltre ad esserci sempre qualche membro della numerosa famiglia Barailler, troverete uno staff giovane e dinamico.","breadcrumb":{"@id":"https:\/\/www.rifugiocreteseche.eu\/fr\/staff\/#breadcrumb"},"inLanguage":"fr-FR","potentialAction":[{"@type":"ReadAction","target":["https:\/\/www.rifugiocreteseche.eu\/fr\/staff\/"]}]},{"@type":"BreadcrumbList","@id":"https:\/\/www.rifugiocreteseche.eu\/fr\/staff\/#breadcrumb","itemListElement":[{"@type":"ListItem","position":1,"name":"Home","item":"https:\/\/www.rifugiocreteseche.eu\/fr\/"},{"@type":"ListItem","position":2,"name":"Staff"}]},{"@type":"WebSite","@id":"https:\/\/www.rifugiocreteseche.eu\/fr\/#website","url":"https:\/\/www.rifugiocreteseche.eu\/fr\/","name":"Rifugio Cr\u00eate S\u00e8che","description":"2400 metri - Bionaz","potentialAction":[{"@type":"SearchAction","target":{"@type":"EntryPoint","urlTemplate":"https:\/\/www.rifugiocreteseche.eu\/fr\/?s={search_term_string}"},"query-input":{"@type":"PropertyValueSpecification","valueRequired":true,"valueName":"search_term_string"}}],"inLanguage":"fr-FR"}]}},"_links":{"self":[{"href":"https:\/\/www.rifugiocreteseche.eu\/fr\/wp-json\/wp\/v2\/pages\/1479","targetHints":{"allow":["GET"]}}],"collection":[{"href":"https:\/\/www.rifugiocreteseche.eu\/fr\/wp-json\/wp\/v2\/pages"}],"about":[{"href":"https:\/\/www.rifugiocreteseche.eu\/fr\/wp-json\/wp\/v2\/types\/page"}],"author":[{"embeddable":true,"href":"https:\/\/www.rifugiocreteseche.eu\/fr\/wp-json\/wp\/v2\/users\/1"}],"replies":[{"embeddable":true,"href":"https:\/\/www.rifugiocreteseche.eu\/fr\/wp-json\/wp\/v2\/comments?post=1479"}],"version-history":[{"count":7,"href":"https:\/\/www.rifugiocreteseche.eu\/fr\/wp-json\/wp\/v2\/pages\/1479\/revisions"}],"predecessor-version":[{"id":1510,"href":"https:\/\/www.rifugiocreteseche.eu\/fr\/wp-json\/wp\/v2\/pages\/1479\/revisions\/1510"}],"wp:attachment":[{"href":"https:\/\/www.rifugiocreteseche.eu\/fr\/wp-json\/wp\/v2\/media?parent=1479"}],"curies":[{"name":"wp","href":"https:\/\/api.w.org\/{rel}","templated":true}]}}